{"id":540,"date":"2024-10-23T16:55:31","date_gmt":"2024-10-23T16:55:31","guid":{"rendered":"https:\/\/compresoresmilwaukee.com\/?page_id=540"},"modified":"2025-05-22T06:06:04","modified_gmt":"2025-05-22T06:06:04","slug":"compresores-scroll","status":"publish","type":"page","link":"https:\/\/compresoresmilwaukee.com\/?page_id=540","title":{"rendered":"Compresores Scroll"},"content":{"rendered":"\t\t<div data-elementor-type=\"wp-page\" data-elementor-id=\"540\" class=\"elementor elementor-540\">\n\t\t\t\t\t\t<section class=\"elementor-section elementor-top-section elementor-element elementor-element-29be2672 elementor-section-full_width elementor-section-height-default elementor-section-height-default\" data-id=\"29be2672\" data-element_type=\"section\" data-settings=\"{&quot;background_background&quot;:&quot;classic&quot;}\">\n\t\t\t\t\t\t<div class=\"elementor-container elementor-column-gap-default\">\n\t\t\t\t\t<div class=\"aux-parallax-section elementor-column elementor-col-100 elementor-top-column elementor-element elementor-element-7700a011\" data-id=\"7700a011\" data-element_type=\"column\">\n\t\t\t<div class=\"elementor-widget-wrap elementor-element-populated\">\n\t\t\t\t\t\t<div class=\"elementor-element elementor-element-62de0ff7 elementor-widget elementor-widget-image\" data-id=\"62de0ff7\" data-element_type=\"widget\" data-widget_type=\"image.default\">\n\t\t\t\t<div class=\"elementor-widget-container\">\n\t\t\t\t\t\t\t\t\t\t\t\t\t\t\t<img decoding=\"async\" src=\"https:\/\/compresoresmilwaukee.com\/wp-content\/uploads\/2024\/10\/Header-Scroll-02-scaled.jpg\" title=\"Header-Scroll-02\" alt=\"Header-Scroll-02\" loading=\"lazy\" \/>\t\t\t\t\t\t\t\t\t\t\t\t\t\t\t<\/div>\n\t\t\t\t<\/div>\n\t\t\t\t\t<\/div>\n\t\t<\/div>\n\t\t\t\t\t<\/div>\n\t\t<\/section>\n\t\t\t\t<section class=\"elementor-section elementor-top-section elementor-element elementor-element-7f547ab9 elementor-section-boxed elementor-section-height-default elementor-section-height-default\" data-id=\"7f547ab9\" data-element_type=\"section\">\n\t\t\t\t\t\t<div class=\"elementor-container elementor-column-gap-default\">\n\t\t\t\t\t<div class=\"aux-parallax-section elementor-column elementor-col-100 elementor-top-column elementor-element elementor-element-7901f1ae\" data-id=\"7901f1ae\" data-element_type=\"column\">\n\t\t\t<div class=\"elementor-widget-wrap elementor-element-populated\">\n\t\t\t\t\t\t<div class=\"elementor-element elementor-element-3c1e8ebb elementor-widget elementor-widget-image\" data-id=\"3c1e8ebb\" data-element_type=\"widget\" data-widget_type=\"image.default\">\n\t\t\t\t<div class=\"elementor-widget-container\">\n\t\t\t\t\t\t\t\t\t\t\t\t\t\t\t<img fetchpriority=\"high\" decoding=\"async\" width=\"1042\" height=\"267\" src=\"https:\/\/compresoresmilwaukee.com\/wp-content\/uploads\/2024\/10\/Logos-milwaukee-01.png\" class=\"attachment-full size-full wp-image-144\" alt=\"\" srcset=\"https:\/\/compresoresmilwaukee.com\/wp-content\/uploads\/2024\/10\/Logos-milwaukee-01.png 1042w, https:\/\/compresoresmilwaukee.com\/wp-content\/uploads\/2024\/10\/Logos-milwaukee-01-200x51.png 200w\" sizes=\"(max-width: 1042px) 100vw, 1042px\" \/>\t\t\t\t\t\t\t\t\t\t\t\t\t\t\t<\/div>\n\t\t\t\t<\/div>\n\t\t\t\t<div class=\"elementor-element elementor-element-34b0c98 elementor-widget elementor-widget-image\" data-id=\"34b0c98\" data-element_type=\"widget\" data-widget_type=\"image.default\">\n\t\t\t\t<div class=\"elementor-widget-container\">\n\t\t\t\t\t\t\t\t\t\t\t\t\t\t\t<img decoding=\"async\" width=\"2560\" height=\"1440\" src=\"https:\/\/compresoresmilwaukee.com\/wp-content\/uploads\/2024\/10\/Header-Scroll-01-scaled.jpg\" class=\"attachment-full size-full wp-image-547\" alt=\"\" srcset=\"https:\/\/compresoresmilwaukee.com\/wp-content\/uploads\/2024\/10\/Header-Scroll-01-scaled.jpg 2560w, https:\/\/compresoresmilwaukee.com\/wp-content\/uploads\/2024\/10\/Header-Scroll-01-1536x864.jpg 1536w, https:\/\/compresoresmilwaukee.com\/wp-content\/uploads\/2024\/10\/Header-Scroll-01-2048x1152.jpg 2048w, https:\/\/compresoresmilwaukee.com\/wp-content\/uploads\/2024\/10\/Header-Scroll-01-200x113.jpg 200w\" sizes=\"(max-width: 2560px) 100vw, 2560px\" \/>\t\t\t\t\t\t\t\t\t\t\t\t\t\t\t<\/div>\n\t\t\t\t<\/div>\n\t\t\t\t<div class=\"elementor-element elementor-element-352bf8d9 gallery-spacing-custom elementor-widget elementor-widget-image-gallery\" data-id=\"352bf8d9\" data-element_type=\"widget\" data-widget_type=\"image-gallery.default\">\n\t\t\t\t<div class=\"elementor-widget-container\">\n\t\t\t\t\t\t\t<div class=\"elementor-image-gallery\">\n\t\t\t<div id='gallery-1' class='gallery galleryid-540 gallery-columns-2 gallery-size-full'><figure class='gallery-item'>\n\t\t\t<div class='gallery-icon portrait'>\n\t\t\t\t<a data-elementor-open-lightbox=\"yes\" data-elementor-lightbox-slideshow=\"352bf8d9\" data-elementor-lightbox-title=\"MSC-5SR\" data-e-action-hash=\"#elementor-action%3Aaction%3Dlightbox%26settings%3DeyJpZCI6NTQ5LCJ1cmwiOiJodHRwczpcL1wvY29tcHJlc29yZXNtaWx3YXVrZWUuY29tXC93cC1jb250ZW50XC91cGxvYWRzXC8yMDI0XC8xMFwvTVNDLTVTUi1zY2FsZWQuanBnIiwic2xpZGVzaG93IjoiMzUyYmY4ZDkifQ%3D%3D\" href='https:\/\/compresoresmilwaukee.com\/wp-content\/uploads\/2024\/10\/MSC-5SR-scaled.jpg'><img decoding=\"async\" width=\"1978\" height=\"2560\" src=\"https:\/\/compresoresmilwaukee.com\/wp-content\/uploads\/2024\/10\/MSC-5SR-scaled.jpg\" class=\"attachment-full size-full\" alt=\"\" srcset=\"https:\/\/compresoresmilwaukee.com\/wp-content\/uploads\/2024\/10\/MSC-5SR-scaled.jpg 1978w, https:\/\/compresoresmilwaukee.com\/wp-content\/uploads\/2024\/10\/MSC-5SR-1187x1536.jpg 1187w, https:\/\/compresoresmilwaukee.com\/wp-content\/uploads\/2024\/10\/MSC-5SR-1583x2048.jpg 1583w, https:\/\/compresoresmilwaukee.com\/wp-content\/uploads\/2024\/10\/MSC-5SR-200x259.jpg 200w\" sizes=\"(max-width: 1978px) 100vw, 1978px\" \/><\/a>\n\t\t\t<\/div><\/figure><figure class='gallery-item'>\n\t\t\t<div class='gallery-icon portrait'>\n\t\t\t\t<a data-elementor-open-lightbox=\"yes\" data-elementor-lightbox-slideshow=\"352bf8d9\" data-elementor-lightbox-title=\"MSC-7.5SR\" data-e-action-hash=\"#elementor-action%3Aaction%3Dlightbox%26settings%3DeyJpZCI6NTUwLCJ1cmwiOiJodHRwczpcL1wvY29tcHJlc29yZXNtaWx3YXVrZWUuY29tXC93cC1jb250ZW50XC91cGxvYWRzXC8yMDI0XC8xMFwvTVNDLTcuNVNSLXNjYWxlZC5qcGciLCJzbGlkZXNob3ciOiIzNTJiZjhkOSJ9\" href='https:\/\/compresoresmilwaukee.com\/wp-content\/uploads\/2024\/10\/MSC-7.5SR-scaled.jpg'><img loading=\"lazy\" decoding=\"async\" width=\"1979\" height=\"2560\" src=\"https:\/\/compresoresmilwaukee.com\/wp-content\/uploads\/2024\/10\/MSC-7.5SR-scaled.jpg\" class=\"attachment-full size-full\" alt=\"\" srcset=\"https:\/\/compresoresmilwaukee.com\/wp-content\/uploads\/2024\/10\/MSC-7.5SR-scaled.jpg 1979w, https:\/\/compresoresmilwaukee.com\/wp-content\/uploads\/2024\/10\/MSC-7.5SR-1187x1536.jpg 1187w, https:\/\/compresoresmilwaukee.com\/wp-content\/uploads\/2024\/10\/MSC-7.5SR-1583x2048.jpg 1583w, https:\/\/compresoresmilwaukee.com\/wp-content\/uploads\/2024\/10\/MSC-7.5SR-200x259.jpg 200w\" sizes=\"(max-width: 1979px) 100vw, 1979px\" \/><\/a>\n\t\t\t<\/div><\/figure><figure class='gallery-item'>\n\t\t\t<div class='gallery-icon portrait'>\n\t\t\t\t<a data-elementor-open-lightbox=\"yes\" data-elementor-lightbox-slideshow=\"352bf8d9\" data-elementor-lightbox-title=\"MSC-10SR\" data-e-action-hash=\"#elementor-action%3Aaction%3Dlightbox%26settings%3DeyJpZCI6NTUxLCJ1cmwiOiJodHRwczpcL1wvY29tcHJlc29yZXNtaWx3YXVrZWUuY29tXC93cC1jb250ZW50XC91cGxvYWRzXC8yMDI0XC8xMFwvTVNDLTEwU1Itc2NhbGVkLmpwZyIsInNsaWRlc2hvdyI6IjM1MmJmOGQ5In0%3D\" href='https:\/\/compresoresmilwaukee.com\/wp-content\/uploads\/2024\/10\/MSC-10SR-scaled.jpg'><img loading=\"lazy\" decoding=\"async\" width=\"1979\" height=\"2560\" src=\"https:\/\/compresoresmilwaukee.com\/wp-content\/uploads\/2024\/10\/MSC-10SR-scaled.jpg\" class=\"attachment-full size-full\" alt=\"\" srcset=\"https:\/\/compresoresmilwaukee.com\/wp-content\/uploads\/2024\/10\/MSC-10SR-scaled.jpg 1979w, https:\/\/compresoresmilwaukee.com\/wp-content\/uploads\/2024\/10\/MSC-10SR-1187x1536.jpg 1187w, https:\/\/compresoresmilwaukee.com\/wp-content\/uploads\/2024\/10\/MSC-10SR-1583x2048.jpg 1583w, https:\/\/compresoresmilwaukee.com\/wp-content\/uploads\/2024\/10\/MSC-10SR-200x259.jpg 200w\" sizes=\"(max-width: 1979px) 100vw, 1979px\" \/><\/a>\n\t\t\t<\/div><\/figure><figure class='gallery-item'>\n\t\t\t<div class='gallery-icon portrait'>\n\t\t\t\t<a data-elementor-open-lightbox=\"yes\" data-elementor-lightbox-slideshow=\"352bf8d9\" data-elementor-lightbox-title=\"MSC-15SR\" data-e-action-hash=\"#elementor-action%3Aaction%3Dlightbox%26settings%3DeyJpZCI6NTUyLCJ1cmwiOiJodHRwczpcL1wvY29tcHJlc29yZXNtaWx3YXVrZWUuY29tXC93cC1jb250ZW50XC91cGxvYWRzXC8yMDI0XC8xMFwvTVNDLTE1U1Itc2NhbGVkLmpwZyIsInNsaWRlc2hvdyI6IjM1MmJmOGQ5In0%3D\" href='https:\/\/compresoresmilwaukee.com\/wp-content\/uploads\/2024\/10\/MSC-15SR-scaled.jpg'><img loading=\"lazy\" decoding=\"async\" width=\"1979\" height=\"2560\" src=\"https:\/\/compresoresmilwaukee.com\/wp-content\/uploads\/2024\/10\/MSC-15SR-scaled.jpg\" class=\"attachment-full size-full\" alt=\"\" srcset=\"https:\/\/compresoresmilwaukee.com\/wp-content\/uploads\/2024\/10\/MSC-15SR-scaled.jpg 1979w, https:\/\/compresoresmilwaukee.com\/wp-content\/uploads\/2024\/10\/MSC-15SR-1187x1536.jpg 1187w, https:\/\/compresoresmilwaukee.com\/wp-content\/uploads\/2024\/10\/MSC-15SR-1583x2048.jpg 1583w, https:\/\/compresoresmilwaukee.com\/wp-content\/uploads\/2024\/10\/MSC-15SR-200x259.jpg 200w\" sizes=\"(max-width: 1979px) 100vw, 1979px\" \/><\/a>\n\t\t\t<\/div><\/figure><figure class='gallery-item'>\n\t\t\t<div class='gallery-icon portrait'>\n\t\t\t\t<a data-elementor-open-lightbox=\"yes\" data-elementor-lightbox-slideshow=\"352bf8d9\" data-elementor-lightbox-title=\"MSC-20SR\" data-e-action-hash=\"#elementor-action%3Aaction%3Dlightbox%26settings%3DeyJpZCI6NTUzLCJ1cmwiOiJodHRwczpcL1wvY29tcHJlc29yZXNtaWx3YXVrZWUuY29tXC93cC1jb250ZW50XC91cGxvYWRzXC8yMDI0XC8xMFwvTVNDLTIwU1Itc2NhbGVkLmpwZyIsInNsaWRlc2hvdyI6IjM1MmJmOGQ5In0%3D\" href='https:\/\/compresoresmilwaukee.com\/wp-content\/uploads\/2024\/10\/MSC-20SR-scaled.jpg'><img loading=\"lazy\" decoding=\"async\" width=\"1979\" height=\"2560\" src=\"https:\/\/compresoresmilwaukee.com\/wp-content\/uploads\/2024\/10\/MSC-20SR-scaled.jpg\" class=\"attachment-full size-full\" alt=\"\" srcset=\"https:\/\/compresoresmilwaukee.com\/wp-content\/uploads\/2024\/10\/MSC-20SR-scaled.jpg 1979w, https:\/\/compresoresmilwaukee.com\/wp-content\/uploads\/2024\/10\/MSC-20SR-1187x1536.jpg 1187w, https:\/\/compresoresmilwaukee.com\/wp-content\/uploads\/2024\/10\/MSC-20SR-1583x2048.jpg 1583w, https:\/\/compresoresmilwaukee.com\/wp-content\/uploads\/2024\/10\/MSC-20SR-200x259.jpg 200w\" sizes=\"(max-width: 1979px) 100vw, 1979px\" \/><\/a>\n\t\t\t<\/div><\/figure><figure class='gallery-item'>\n\t\t\t<div class='gallery-icon portrait'>\n\t\t\t\t<a data-elementor-open-lightbox=\"yes\" data-elementor-lightbox-slideshow=\"352bf8d9\" data-elementor-lightbox-title=\"MSC-25SR\" data-e-action-hash=\"#elementor-action%3Aaction%3Dlightbox%26settings%3DeyJpZCI6NTU0LCJ1cmwiOiJodHRwczpcL1wvY29tcHJlc29yZXNtaWx3YXVrZWUuY29tXC93cC1jb250ZW50XC91cGxvYWRzXC8yMDI0XC8xMFwvTVNDLTI1U1Itc2NhbGVkLmpwZyIsInNsaWRlc2hvdyI6IjM1MmJmOGQ5In0%3D\" href='https:\/\/compresoresmilwaukee.com\/wp-content\/uploads\/2024\/10\/MSC-25SR-scaled.jpg'><img loading=\"lazy\" decoding=\"async\" width=\"1979\" height=\"2560\" src=\"https:\/\/compresoresmilwaukee.com\/wp-content\/uploads\/2024\/10\/MSC-25SR-scaled.jpg\" class=\"attachment-full size-full\" alt=\"\" srcset=\"https:\/\/compresoresmilwaukee.com\/wp-content\/uploads\/2024\/10\/MSC-25SR-scaled.jpg 1979w, https:\/\/compresoresmilwaukee.com\/wp-content\/uploads\/2024\/10\/MSC-25SR-1187x1536.jpg 1187w, https:\/\/compresoresmilwaukee.com\/wp-content\/uploads\/2024\/10\/MSC-25SR-1583x2048.jpg 1583w, https:\/\/compresoresmilwaukee.com\/wp-content\/uploads\/2024\/10\/MSC-25SR-200x259.jpg 200w\" sizes=\"(max-width: 1979px) 100vw, 1979px\" \/><\/a>\n\t\t\t<\/div><\/figure>\n\t\t<\/div>\n\t\t<\/div>\n\t\t\t\t\t\t<\/div>\n\t\t\t\t<\/div>\n\t\t\t\t\t<\/div>\n\t\t<\/div>\n\t\t\t\t\t<\/div>\n\t\t<\/section>\n\t\t\t\t<section class=\"elementor-section elementor-top-section elementor-element elementor-element-3a8bd1d4 elementor-section-full_width elementor-section-height-default elementor-section-height-default\" data-id=\"3a8bd1d4\" data-element_type=\"section\">\n\t\t\t\t\t\t<div class=\"elementor-container elementor-column-gap-default\">\n\t\t\t\t\t<div class=\"aux-parallax-section elementor-column elementor-col-100 elementor-top-column elementor-element elementor-element-697b2a6e\" data-id=\"697b2a6e\" data-element_type=\"column\">\n\t\t\t<div class=\"elementor-widget-wrap elementor-element-populated\">\n\t\t\t\t\t\t<div class=\"elementor-element elementor-element-6ca13ef4 elementor-widget elementor-widget-spacer\" data-id=\"6ca13ef4\" data-element_type=\"widget\" data-widget_type=\"spacer.default\">\n\t\t\t\t<div class=\"elementor-widget-container\">\n\t\t\t\t\t\t\t<div class=\"elementor-spacer\">\n\t\t\t<div class=\"elementor-spacer-inner\"><\/div>\n\t\t<\/div>\n\t\t\t\t\t\t<\/div>\n\t\t\t\t<\/div>\n\t\t\t\t\t<\/div>\n\t\t<\/div>\n\t\t\t\t\t<\/div>\n\t\t<\/section>\n\t\t\t\t<section class=\"elementor-section elementor-top-section elementor-element elementor-element-524013e9 elementor-section-boxed elementor-section-height-default elementor-section-height-default\" data-id=\"524013e9\" data-element_type=\"section\">\n\t\t\t\t\t\t<div class=\"elementor-container elementor-column-gap-default\">\n\t\t\t\t\t<div class=\"aux-parallax-section elementor-column elementor-col-100 elementor-top-column elementor-element elementor-element-65c31f36\" data-id=\"65c31f36\" data-element_type=\"column\">\n\t\t\t<div class=\"elementor-widget-wrap elementor-element-populated\">\n\t\t\t\t\t\t<div class=\"elementor-element elementor-element-36fbd7b3 elementor-widget elementor-widget-aux_modern_heading\" data-id=\"36fbd7b3\" data-element_type=\"widget\" data-widget_type=\"aux_modern_heading.default\">\n\t\t\t\t<div class=\"elementor-widget-container\">\n\t\t\t\t\t<section class=\"aux-widget-modern-heading\">\n            <div class=\"aux-widget-inner\"><h2 class=\"aux-modern-heading-primary\">Cont\u00e1ctanos<\/h2><h3 class=\"aux-modern-heading-secondary\"><span class=\"aux-head-before\">\u00bfDeseas mayor informaci\u00f3n de un producto o una cotizaci\u00f3n?<\/span><\/h3><div class=\"aux-modern-heading-divider\"><\/div><div class=\"aux-modern-heading-description\"><p>D\u00e9janos tu informaci\u00f3n de contacto y te la hacemos llegar a la brevedad.<\/p><\/div><\/div>\n        <\/section>\t\t\t\t<\/div>\n\t\t\t\t<\/div>\n\t\t\t\t<div class=\"elementor-element elementor-element-16d13921 elementor-widget elementor-widget-shortcode\" data-id=\"16d13921\" data-element_type=\"widget\" data-widget_type=\"shortcode.default\">\n\t\t\t\t<div class=\"elementor-widget-container\">\n\t\t\t\t\t\t\t<div class=\"elementor-shortcode\">\n<div class=\"wpcf7 no-js\" id=\"wpcf7-f90-o1\" lang=\"en-US\" dir=\"ltr\" data-wpcf7-id=\"90\">\n<div class=\"screen-reader-response\"><p role=\"status\" aria-live=\"polite\" aria-atomic=\"true\"><\/p> <ul><\/ul><\/div>\n<form action=\"\/index.php?rest_route=%2Fwp%2Fv2%2Fpages%2F540#wpcf7-f90-o1\" method=\"post\" class=\"wpcf7-form init\" aria-label=\"Contact form\" novalidate=\"novalidate\" data-status=\"init\">\n<div style=\"display: none;\">\n<input type=\"hidden\" name=\"_wpcf7\" value=\"90\" \/>\n<input type=\"hidden\" name=\"_wpcf7_version\" value=\"6.0.5\" \/>\n<input type=\"hidden\" name=\"_wpcf7_locale\" value=\"en_US\" \/>\n<input type=\"hidden\" name=\"_wpcf7_unit_tag\" value=\"wpcf7-f90-o1\" \/>\n<input type=\"hidden\" name=\"_wpcf7_container_post\" value=\"0\" \/>\n<input type=\"hidden\" name=\"_wpcf7_posted_data_hash\" value=\"\" \/>\n<\/div>\n<p><label> Nombre Completo<br \/>\n<span class=\"wpcf7-form-control-wrap\" data-name=\"your-name\"><input size=\"40\" maxlength=\"400\" class=\"wpcf7-form-control wpcf7-text wpcf7-validates-as-required\" autocomplete=\"name\" aria-required=\"true\" aria-invalid=\"false\" value=\"\" type=\"text\" name=\"your-name\" \/><\/span> <\/label>\n<\/p>\n<p><label> Tel\u00e9fono<br \/>\n<span class=\"wpcf7-form-control-wrap\" data-name=\"telefono\"><input size=\"40\" maxlength=\"400\" class=\"wpcf7-form-control wpcf7-tel wpcf7-validates-as-required wpcf7-text wpcf7-validates-as-tel tel\" id=\"tel\" aria-required=\"true\" aria-invalid=\"false\" value=\"\" type=\"tel\" name=\"telefono\" \/><\/span> <\/label>\n<\/p>\n<p><label> Correo Electr\u00f3nico<br \/>\n<span class=\"wpcf7-form-control-wrap\" data-name=\"your-email\"><input size=\"40\" maxlength=\"400\" class=\"wpcf7-form-control wpcf7-email wpcf7-validates-as-required wpcf7-text wpcf7-validates-as-email\" autocomplete=\"email\" aria-required=\"true\" aria-invalid=\"false\" value=\"\" type=\"email\" name=\"your-email\" \/><\/span> <\/label>\n<\/p>\n<p><label> Asunto<br \/>\n<span class=\"wpcf7-form-control-wrap\" data-name=\"your-subject\"><input size=\"40\" maxlength=\"400\" class=\"wpcf7-form-control wpcf7-text wpcf7-validates-as-required\" aria-required=\"true\" aria-invalid=\"false\" value=\"\" type=\"text\" name=\"your-subject\" \/><\/span> <\/label>\n<\/p>\n<p><label> Comentarios<br \/>\n<span class=\"wpcf7-form-control-wrap\" data-name=\"your-message\"><textarea cols=\"40\" rows=\"10\" maxlength=\"2000\" class=\"wpcf7-form-control wpcf7-textarea wpcf7-validates-as-required\" aria-required=\"true\" aria-invalid=\"false\" name=\"your-message\"><\/textarea><\/span> <\/label>\n<\/p>\n<p><input class=\"wpcf7-form-control wpcf7-submit has-spinner Boton\" id=\"boton\" type=\"submit\" value=\"Enviar\" \/>\n<\/p><div class=\"wpcf7-response-output\" aria-hidden=\"true\"><\/div>\n<\/form>\n<\/div>\n<\/div>\n\t\t\t\t\t\t<\/div>\n\t\t\t\t<\/div>\n\t\t\t\t\t<\/div>\n\t\t<\/div>\n\t\t\t\t\t<\/div>\n\t\t<\/section>\n\t\t\t\t<\/div>\n\t\t","protected":false},"excerpt":{"rendered":"<p>Cont\u00e1ctanos \u00bfDeseas mayor informaci\u00f3n de un producto o una cotizaci\u00f3n? D\u00e9janos tu informaci\u00f3n de contacto y te la hacemos llegar a la brevedad.<\/p>\n","protected":false},"author":1,"featured_media":0,"parent":0,"menu_order":0,"comment_status":"closed","ping_status":"closed","template":"","meta":{"footnotes":""},"class_list":["post-540","page","type-page","status-publish","hentry"],"_links":{"self":[{"href":"https:\/\/compresoresmilwaukee.com\/index.php?rest_route=\/wp\/v2\/pages\/540","targetHints":{"allow":["GET"]}}],"collection":[{"href":"https:\/\/compresoresmilwaukee.com\/index.php?rest_route=\/wp\/v2\/pages"}],"about":[{"href":"https:\/\/compresoresmilwaukee.com\/index.php?rest_route=\/wp\/v2\/types\/page"}],"author":[{"embeddable":true,"href":"https:\/\/compresoresmilwaukee.com\/index.php?rest_route=\/wp\/v2\/users\/1"}],"replies":[{"embeddable":true,"href":"https:\/\/compresoresmilwaukee.com\/index.php?rest_route=%2Fwp%2Fv2%2Fcomments&post=540"}],"version-history":[{"count":13,"href":"https:\/\/compresoresmilwaukee.com\/index.php?rest_route=\/wp\/v2\/pages\/540\/revisions"}],"predecessor-version":[{"id":1226,"href":"https:\/\/compresoresmilwaukee.com\/index.php?rest_route=\/wp\/v2\/pages\/540\/revisions\/1226"}],"wp:attachment":[{"href":"https:\/\/compresoresmilwaukee.com\/index.php?rest_route=%2Fwp%2Fv2%2Fmedia&parent=540"}],"curies":[{"name":"wp","href":"https:\/\/api.w.org\/{rel}","templated":true}]}}